{"id":37,"date":"2014-10-04T18:37:07","date_gmt":"2014-10-04T17:37:07","guid":{"rendered":"http:\/\/www.svjmanesova.cz\/?page_id=37"},"modified":"2019-12-20T16:37:50","modified_gmt":"2019-12-20T15:37:50","slug":"domovni-rad","status":"publish","type":"page","link":"https:\/\/www.svjmanesova.cz\/?page_id=37","title":{"rendered":"Dokumenty"},"content":{"rendered":"<p><a href=\"https:\/\/www.svjmanesova.cz\/wp-content\/uploads\/2014\/10\/Domovn\u00ed-\u0159\u00e1d.pdf\">Domovn\u00ed \u0159\u00e1d<\/a>\u00a0 &#8211; \u00a0Pln\u00e9 zn\u011bn\u00ed domovn\u00edho \u0159\u00e1du\u00a0SVJ M\u00e1nesova\u00a0\u010dp. 369,370,371<\/p>\n","protected":false},"excerpt":{"rendered":"<p>Domovn\u00ed \u0159\u00e1d\u00a0 &#8211; \u00a0Pln\u00e9 zn\u011bn\u00ed domovn\u00edho \u0159\u00e1du\u00a0SVJ M\u00e1nesova\u00a0\u010dp. 369,370,371<\/p>\n","protected":false},"author":1,"featured_media":0,"parent":0,"menu_order":0,"comment_status":"open","ping_status":"open","template":"","meta":{"_exactmetrics_skip_tracking":false,"_exactmetrics_sitenote_active":false,"_exactmetrics_sitenote_note":"","_exactmetrics_sitenote_category":0,"footnotes":""},"class_list":["post-37","page","type-page","status-publish","hentry"],"_links":{"self":[{"href":"https:\/\/www.svjmanesova.cz\/index.php?rest_route=\/wp\/v2\/pages\/37","targetHints":{"allow":["GET"]}}],"collection":[{"href":"https:\/\/www.svjmanesova.cz\/index.php?rest_route=\/wp\/v2\/pages"}],"about":[{"href":"https:\/\/www.svjmanesova.cz\/index.php?rest_route=\/wp\/v2\/types\/page"}],"author":[{"embeddable":true,"href":"https:\/\/www.svjmanesova.cz\/index.php?rest_route=\/wp\/v2\/users\/1"}],"replies":[{"embeddable":true,"href":"https:\/\/www.svjmanesova.cz\/index.php?rest_route=%2Fwp%2Fv2%2Fcomments&post=37"}],"version-history":[{"count":12,"href":"https:\/\/www.svjmanesova.cz\/index.php?rest_route=\/wp\/v2\/pages\/37\/revisions"}],"predecessor-version":[{"id":507,"href":"https:\/\/www.svjmanesova.cz\/index.php?rest_route=\/wp\/v2\/pages\/37\/revisions\/507"}],"wp:attachment":[{"href":"https:\/\/www.svjmanesova.cz\/index.php?rest_route=%2Fwp%2Fv2%2Fmedia&parent=37"}],"curies":[{"name":"wp","href":"https:\/\/api.w.org\/{rel}","templated":true}]}}