{"id":2,"date":"2014-09-29T16:36:13","date_gmt":"2014-09-29T16:36:13","guid":{"rendered":"http:\/\/www.svjmanesova.cz\/?page_id=2"},"modified":"2014-11-18T15:02:06","modified_gmt":"2014-11-18T14:02:06","slug":"zkusebni-stranka","status":"publish","type":"page","link":"https:\/\/www.svjmanesova.cz\/?page_id=2","title":{"rendered":"O na\u0161em domu"},"content":{"rendered":"<p><a href=\"https:\/\/www.svjmanesova.cz\/wp-content\/uploads\/2014\/09\/nov\u00fd-d\u016fm_kone\u010dn\u00e12-3.jpg\"><img loading=\"lazy\" decoding=\"async\" class=\"alignnone size-full wp-image-15\" src=\"https:\/\/www.svjmanesova.cz\/wp-content\/uploads\/2014\/09\/nov\u00fd-d\u016fm_kone\u010dn\u00e12-3.jpg\" alt=\"nov\u00fd d\u016fm_kone\u010dn\u00e12 (3)\" width=\"800\" height=\"539\" srcset=\"https:\/\/www.svjmanesova.cz\/wp-content\/uploads\/2014\/09\/nov\u00fd-d\u016fm_kone\u010dn\u00e12-3.jpg 800w, https:\/\/www.svjmanesova.cz\/wp-content\/uploads\/2014\/09\/nov\u00fd-d\u016fm_kone\u010dn\u00e12-3-300x202.jpg 300w\" sizes=\"auto, (max-width: 800px) 100vw, 800px\" \/><\/a><\/p>\n<p>Jedna z nejhez\u010d\u00edch \u010d\u00e1st\u00ed m\u011bsta Trutnov, <a href=\"http:\/\/cs.wikipedia.org\/wiki\/Kryblice\">Kryblice<\/a>. Do lesa coby kamenem dohodil a deset minut p\u011b\u0161ky do centra m\u011bsta.<\/p>\n<p>Ulice M\u00e1nesova je pojmenovan\u00e1 po zn\u00e1m\u00e9m \u010desk\u00e9m mal\u00ed\u0159i a ilustr\u00e1torovi Josefu M\u00e1nesovi, <a href=\"http:\/\/cs.wikipedia.org\/wiki\/Josef_M%C3%A1nes\">v\u00edce informac\u00ed ZDE<\/a><\/p>\n","protected":false},"excerpt":{"rendered":"<p>Jedna z nejhez\u010d\u00edch \u010d\u00e1st\u00ed m\u011bsta Trutnov, Kryblice. Do lesa coby kamenem dohodil a deset minut p\u011b\u0161ky do centra m\u011bsta. Ulice M\u00e1nesova je pojmenovan\u00e1 po zn\u00e1m\u00e9m \u010desk\u00e9m mal\u00ed\u0159i a ilustr\u00e1torovi Josefu M\u00e1nesovi, v\u00edce informac\u00ed ZDE<\/p>\n","protected":false},"author":1,"featured_media":0,"parent":0,"menu_order":0,"comment_status":"open","ping_status":"open","template":"","meta":{"_exactmetrics_skip_tracking":false,"_exactmetrics_sitenote_active":false,"_exactmetrics_sitenote_note":"","_exactmetrics_sitenote_category":0,"footnotes":""},"class_list":["post-2","page","type-page","status-publish","hentry"],"_links":{"self":[{"href":"https:\/\/www.svjmanesova.cz\/index.php?rest_route=\/wp\/v2\/pages\/2","targetHints":{"allow":["GET"]}}],"collection":[{"href":"https:\/\/www.svjmanesova.cz\/index.php?rest_route=\/wp\/v2\/pages"}],"about":[{"href":"https:\/\/www.svjmanesova.cz\/index.php?rest_route=\/wp\/v2\/types\/page"}],"author":[{"embeddable":true,"href":"https:\/\/www.svjmanesova.cz\/index.php?rest_route=\/wp\/v2\/users\/1"}],"replies":[{"embeddable":true,"href":"https:\/\/www.svjmanesova.cz\/index.php?rest_route=%2Fwp%2Fv2%2Fcomments&post=2"}],"version-history":[{"count":3,"href":"https:\/\/www.svjmanesova.cz\/index.php?rest_route=\/wp\/v2\/pages\/2\/revisions"}],"predecessor-version":[{"id":84,"href":"https:\/\/www.svjmanesova.cz\/index.php?rest_route=\/wp\/v2\/pages\/2\/revisions\/84"}],"wp:attachment":[{"href":"https:\/\/www.svjmanesova.cz\/index.php?rest_route=%2Fwp%2Fv2%2Fmedia&parent=2"}],"curies":[{"name":"wp","href":"https:\/\/api.w.org\/{rel}","templated":true}]}}