{"id":10,"date":"2014-09-29T18:12:56","date_gmt":"2014-09-29T17:12:56","guid":{"rendered":"http:\/\/www.svjmanesova.cz\/?page_id=10"},"modified":"2025-06-10T18:09:42","modified_gmt":"2025-06-10T17:09:42","slug":"kontakt","status":"publish","type":"page","link":"https:\/\/www.svjmanesova.cz\/?page_id=10","title":{"rendered":"Kontakty"},"content":{"rendered":"<p><strong>Spole\u010denstv\u00ed vlastn\u00edk\u016f jednotek v dom\u011b \u010dp. 369,370,371<\/strong><\/p>\n<h1><strong> M\u00e1nesova, TRUTNOV-Kryblice<\/strong><\/h1>\n<p>V\u00a0Rejst\u0159\u00edku SVJ veden\u00e9ho u krajsk\u00e9ho soudu v HK jsme uvedeni v odd\u00edle S,\u00a0 vlo\u017eka 50.<\/p>\n<p>I\u010c : 25964135<br \/>\nDI\u010c : CZ25964135<br \/>\nBankovn\u00ed spojen\u00ed : KB Trutnov, \u010d.\u00fa. 35-7652580217\/0100<\/p>\n<p><em>Po\u0161tovn\u00ed adresa :<\/em><strong> SVJ M\u00e1nesova 370,\u00a0<\/strong><strong>541 01 Trutnov<\/strong><\/p>\n<p><em>e-mailov\u00e1 adresa :<\/em> <strong>svj@svjmanesova.cz<\/strong><\/p>\n<p><em>P\u0159edsedkyn\u011b v\u00fdboru :<\/em><br \/>\nTerezie HETE\u0160OV\u00c1<br \/>\nM\u00e1nesova 369<br \/>\n<em>tel.<\/em> +420 608 224 782<br \/>\n<em>e-mail :<\/em> hetesova@svjmanesova.cz<\/p>\n<p><em>M\u00edstop\u0159eda:<\/em><br \/>\nPavel KRAUS<br \/>\nM\u00e1nesova 370<br \/>\n<em>tel.<\/em> +420 722 222 442, pop\u0159. +420 602 129 225<br \/>\n<em>e-mail:<\/em> kraus@svjmanesova.cz<\/p>\n<p><em>\u010clen v\u00fdboru:<\/em><br \/>\nPetr KOROTVI\u010cKA<br \/>\nM\u00e1nesova 371<br \/>\n<em>tel.<\/em> +420 724 150 874<br \/>\n<em>e-mail<\/em>: korotvicka@svjmanesova.cz<\/p>\n<p>Dal\u0161\u00ed d\u016fle\u017eit\u00e9 kontakty naleznete v sekci: <strong><a href=\"https:\/\/www.svjmanesova.cz\/?page_id=12\">Pro \u010dleny SVJ<\/a><\/strong><\/p>\n<p>Aktualizov\u00e1no : 13.2.2019<\/p>\n","protected":false},"excerpt":{"rendered":"<p>Spole\u010denstv\u00ed vlastn\u00edk\u016f jednotek v dom\u011b \u010dp. 369,370,371 M\u00e1nesova, TRUTNOV-Kryblice V\u00a0Rejst\u0159\u00edku SVJ veden\u00e9ho u krajsk\u00e9ho soudu v HK jsme uvedeni v odd\u00edle S,\u00a0 vlo\u017eka 50. I\u010c : 25964135 DI\u010c : CZ25964135 Bankovn\u00ed spojen\u00ed : KB Trutnov, \u010d.\u00fa. 35-7652580217\/0100 Po\u0161tovn\u00ed adresa : &hellip; <a href=\"https:\/\/www.svjmanesova.cz\/?page_id=10\">Cel\u00fd p\u0159\u00edsp\u011bvek <span class=\"meta-nav\">&rarr;<\/span><\/a><\/p>\n","protected":false},"author":1,"featured_media":0,"parent":0,"menu_order":0,"comment_status":"open","ping_status":"open","template":"","meta":{"_exactmetrics_skip_tracking":false,"_exactmetrics_sitenote_active":false,"_exactmetrics_sitenote_note":"","_exactmetrics_sitenote_category":0,"footnotes":""},"class_list":["post-10","page","type-page","status-publish","hentry"],"_links":{"self":[{"href":"https:\/\/www.svjmanesova.cz\/index.php?rest_route=\/wp\/v2\/pages\/10","targetHints":{"allow":["GET"]}}],"collection":[{"href":"https:\/\/www.svjmanesova.cz\/index.php?rest_route=\/wp\/v2\/pages"}],"about":[{"href":"https:\/\/www.svjmanesova.cz\/index.php?rest_route=\/wp\/v2\/types\/page"}],"author":[{"embeddable":true,"href":"https:\/\/www.svjmanesova.cz\/index.php?rest_route=\/wp\/v2\/users\/1"}],"replies":[{"embeddable":true,"href":"https:\/\/www.svjmanesova.cz\/index.php?rest_route=%2Fwp%2Fv2%2Fcomments&post=10"}],"version-history":[{"count":9,"href":"https:\/\/www.svjmanesova.cz\/index.php?rest_route=\/wp\/v2\/pages\/10\/revisions"}],"predecessor-version":[{"id":945,"href":"https:\/\/www.svjmanesova.cz\/index.php?rest_route=\/wp\/v2\/pages\/10\/revisions\/945"}],"wp:attachment":[{"href":"https:\/\/www.svjmanesova.cz\/index.php?rest_route=%2Fwp%2Fv2%2Fmedia&parent=10"}],"curies":[{"name":"wp","href":"https:\/\/api.w.org\/{rel}","templated":true}]}}